{"id":319,"date":"2020-02-18T10:14:06","date_gmt":"2020-02-18T10:14:06","guid":{"rendered":"http:\/\/bizix.premiumthemes.in\/?page_id=319"},"modified":"2023-10-21T23:23:50","modified_gmt":"2023-10-21T20:23:50","slug":"services","status":"publish","type":"page","link":"https:\/\/ugurtasimacilik.com.tr\/?page_id=319","title":{"rendered":"Hizmetlerimiz"},"content":{"rendered":"\t\t<div data-elementor-type=\"wp-page\" data-elementor-id=\"319\" class=\"elementor elementor-319\">\n\t\t\t\t\t\t\t\t\t<section class=\"elementor-section elementor-top-section elementor-element elementor-element-a45b8f3 elementor-section-stretched elementor-section-boxed elementor-section-height-default elementor-section-height-default\" data-id=\"a45b8f3\" data-element_type=\"section\" data-settings=\"{&quot;stretch_section&quot;:&quot;section-stretched&quot;}\">\n\t\t\t\t\t\t<div class=\"elementor-container elementor-column-gap-no\">\n\t\t\t\t\t<div class=\"elementor-column elementor-col-100 elementor-top-column elementor-element elementor-element-97dcc6d\" data-id=\"97dcc6d\" data-element_type=\"column\">\n\t\t\t<div class=\"elementor-widget-wrap elementor-element-populated\">\n\t\t\t\t\t\t\t\t<div class=\"elementor-element elementor-element-6c35efe4 elementor-grid-3 elementor-grid-tablet-2 elementor-grid-mobile-1 elementor-widget elementor-widget-gyan_services_full_text\" data-id=\"6c35efe4\" data-element_type=\"widget\" data-settings=\"{&quot;columns&quot;:&quot;3&quot;,&quot;columns_tablet&quot;:&quot;2&quot;,&quot;columns_mobile&quot;:&quot;1&quot;}\" data-widget_type=\"gyan_services_full_text.default\">\n\t\t\t\t<div class=\"elementor-widget-container\">\n\t\t\t\n\t\t<div class=\"gyan-services-full-container gyan-services-full-container-6c35efe4\" data-layout=\"grid\" data-rtl=\"false\">\n\n\t\t\t<div class=\"gyan-services-full-items gyan-elementor-grid\">\n\n\t\t\t\t\n\t\t\t\t\t<div class=\"gyan-service-full-item gyan-grid-item-wrap\">\n\t\t\t\t\t\t<div class=\"gyan-services-full gyan-grid-item gyan-ease-transition\">\n\t\t\t\t\t\t\t<div class=\"gyan-services-full-img\"><a href=\"#\" class=\"gyan-service-full-link\"><img loading=\"lazy\" decoding=\"async\" width=\"1600\" height=\"900\" src=\"https:\/\/ugurtasimacilik.com.tr\/wp-content\/uploads\/2023\/10\/ogrenci.jpg\" class=\"attachment-full size-full\" alt=\"\" srcset=\"https:\/\/ugurtasimacilik.com.tr\/wp-content\/uploads\/2023\/10\/ogrenci.jpg 1600w, https:\/\/ugurtasimacilik.com.tr\/wp-content\/uploads\/2023\/10\/ogrenci-300x169.jpg 300w, https:\/\/ugurtasimacilik.com.tr\/wp-content\/uploads\/2023\/10\/ogrenci-1024x576.jpg 1024w, https:\/\/ugurtasimacilik.com.tr\/wp-content\/uploads\/2023\/10\/ogrenci-768x432.jpg 768w, https:\/\/ugurtasimacilik.com.tr\/wp-content\/uploads\/2023\/10\/ogrenci-1536x864.jpg 1536w\" sizes=\"auto, (max-width: 1600px) 100vw, 1600px\" \/><\/a><\/div><div class=\"gyan-services-full-content\"><div class=\"gyan-services-full-icon-wrap\"><div class=\"gyan-services-full-icon gyan-icon\"><img loading=\"lazy\" decoding=\"async\" width=\"50\" height=\"50\" src=\"https:\/\/ugurtasimacilik.com.tr\/wp-content\/uploads\/2020\/02\/icon-chat.png\" class=\"attachment-full size-full\" alt=\"\" \/><\/div><\/div><div class=\"gyan-services-full-title-desc\"><h6 class=\"gyan-services-full-title\"><a href=\"#\" class=\"gyan-service-full-link\">\u00d6\u011frenci Ta\u015f\u0131mac\u0131l\u0131\u011f\u0131<\/a><\/h6><div class=\"gyan-services-full-desc\">\u015eimdiye kadar U\u011fur ta\u015f\u0131mac\u0131l\u0131k olarak binlerce \u00f6\u011frencimizi g\u00fcvenli bir \u015fekilde okullar\u0131na, evlerine ula\u015ft\u0131rd\u0131k.<\/div><\/div><a href=\"#\" class=\"gyan-service-full-link gyan-services-full-button gyan-ease-transition gyan-flex\"><span class=\"gyan-services-full-button-text\">U\u011fur Ta\u015f\u0131mac\u0131l\u0131k<\/span><span class=\"gyan-services-full-button-arrow\"><\/span><\/a><\/div>\t\t\t\t\t\t<\/div>\n\t\t\t\t\t\t<div class=\"clear\"><\/div>\n\t\t\t\t\t<\/div>\n\n\t\t\t\t \n\t\t\t\t\t<div class=\"gyan-service-full-item gyan-grid-item-wrap\">\n\t\t\t\t\t\t<div class=\"gyan-services-full gyan-grid-item gyan-ease-transition\">\n\t\t\t\t\t\t\t<div class=\"gyan-services-full-img\"><a href=\"https:\/\/ugurtasimacilik.com.tr\/website-designing\/\" class=\"gyan-service-full-link\"><img loading=\"lazy\" decoding=\"async\" width=\"1600\" height=\"900\" src=\"https:\/\/ugurtasimacilik.com.tr\/wp-content\/uploads\/2023\/10\/servis.jpg\" class=\"attachment-full size-full\" alt=\"\" srcset=\"https:\/\/ugurtasimacilik.com.tr\/wp-content\/uploads\/2023\/10\/servis.jpg 1600w, https:\/\/ugurtasimacilik.com.tr\/wp-content\/uploads\/2023\/10\/servis-300x169.jpg 300w, https:\/\/ugurtasimacilik.com.tr\/wp-content\/uploads\/2023\/10\/servis-1024x576.jpg 1024w, https:\/\/ugurtasimacilik.com.tr\/wp-content\/uploads\/2023\/10\/servis-768x432.jpg 768w, https:\/\/ugurtasimacilik.com.tr\/wp-content\/uploads\/2023\/10\/servis-1536x864.jpg 1536w\" sizes=\"auto, (max-width: 1600px) 100vw, 1600px\" \/><\/a><\/div><div class=\"gyan-services-full-content\"><div class=\"gyan-services-full-icon-wrap\"><div class=\"gyan-services-full-icon gyan-icon\"><img loading=\"lazy\" decoding=\"async\" width=\"50\" height=\"50\" src=\"https:\/\/ugurtasimacilik.com.tr\/wp-content\/uploads\/2020\/02\/icon-video.png\" class=\"attachment-full size-full\" alt=\"\" \/><\/div><\/div><div class=\"gyan-services-full-title-desc\"><h6 class=\"gyan-services-full-title\"><a href=\"https:\/\/ugurtasimacilik.com.tr\/website-designing\/\" class=\"gyan-service-full-link\">Personel Ta\u015f\u0131mac\u0131l\u0131\u011f\u0131<\/a><\/h6><div class=\"gyan-services-full-desc\">\u015eimdiye kadar U\u011fur ta\u015f\u0131mac\u0131l\u0131k olarak binlerce personeli g\u00fcvenli bir \u015fekilde i\u015f yerlerine , evlerine ula\u015ft\u0131rd\u0131k.<\/div><\/div><a href=\"https:\/\/ugurtasimacilik.com.tr\/website-designing\/\" class=\"gyan-service-full-link gyan-services-full-button gyan-ease-transition gyan-flex\"><span class=\"gyan-services-full-button-text\">U\u011fur Ta\u015f\u0131mac\u0131l\u0131k<\/span><span class=\"gyan-services-full-button-arrow\"><\/span><\/a><\/div>\t\t\t\t\t\t<\/div>\n\t\t\t\t\t\t<div class=\"clear\"><\/div>\n\t\t\t\t\t<\/div>\n\n\t\t\t\t \n\t\t\t\t\t<div class=\"gyan-service-full-item gyan-grid-item-wrap\">\n\t\t\t\t\t\t<div class=\"gyan-services-full gyan-grid-item gyan-ease-transition\">\n\t\t\t\t\t\t\t<div class=\"gyan-services-full-img\"><a href=\"https:\/\/ugurtasimacilik.com.tr\/website-designing\/\" class=\"gyan-service-full-link\"><img loading=\"lazy\" decoding=\"async\" width=\"1600\" height=\"900\" src=\"https:\/\/ugurtasimacilik.com.tr\/wp-content\/uploads\/2023\/10\/vip.jpg\" class=\"attachment-full size-full\" alt=\"\" srcset=\"https:\/\/ugurtasimacilik.com.tr\/wp-content\/uploads\/2023\/10\/vip.jpg 1600w, https:\/\/ugurtasimacilik.com.tr\/wp-content\/uploads\/2023\/10\/vip-300x169.jpg 300w, https:\/\/ugurtasimacilik.com.tr\/wp-content\/uploads\/2023\/10\/vip-1024x576.jpg 1024w, https:\/\/ugurtasimacilik.com.tr\/wp-content\/uploads\/2023\/10\/vip-768x432.jpg 768w, https:\/\/ugurtasimacilik.com.tr\/wp-content\/uploads\/2023\/10\/vip-1536x864.jpg 1536w\" sizes=\"auto, (max-width: 1600px) 100vw, 1600px\" \/><\/a><\/div><div class=\"gyan-services-full-content\"><div class=\"gyan-services-full-icon-wrap\"><div class=\"gyan-services-full-icon gyan-icon\"><img loading=\"lazy\" decoding=\"async\" width=\"50\" height=\"50\" src=\"https:\/\/ugurtasimacilik.com.tr\/wp-content\/uploads\/2020\/02\/icon-bulb.png\" class=\"attachment-full size-full\" alt=\"\" \/><\/div><\/div><div class=\"gyan-services-full-title-desc\"><h6 class=\"gyan-services-full-title\"><a href=\"https:\/\/ugurtasimacilik.com.tr\/website-designing\/\" class=\"gyan-service-full-link\">Transfer Hizmetleri<\/a><\/h6><div class=\"gyan-services-full-desc\">\u015eimdiye kadar U\u011fur ta\u015f\u0131mac\u0131l\u0131k havaalan\u0131 transfer ve yolcu ta\u015f\u0131ma hizmetlerini ba\u015far\u0131l\u0131 ve g\u00fcvenli bir \u015fekilde ger\u00e7ekle\u015ftirdik.<\/div><\/div><a href=\"https:\/\/ugurtasimacilik.com.tr\/website-designing\/\" class=\"gyan-service-full-link gyan-services-full-button gyan-ease-transition gyan-flex\"><span class=\"gyan-services-full-button-text\">U\u011fur Ta\u015f\u0131mac\u0131l\u0131k<\/span><span class=\"gyan-services-full-button-arrow\"><\/span><\/a><\/div>\t\t\t\t\t\t<\/div>\n\t\t\t\t\t\t<div class=\"clear\"><\/div>\n\t\t\t\t\t<\/div>\n\n\t\t\t\t \n\t\t\t <\/div> <!-- gyan-services-full-items -->\n\t\t\t <div class=\"clear\"><\/div>\n\n\t\t<\/div>\n\n\t\t\t<\/div>\n\t\t\t\t<\/div>\n\t\t\t\t\t<\/div>\n\t\t<\/div>\n\t\t\t\t\t\t\t<\/div>\n\t\t<\/section>\n\t\t\t\t\t\t\t<\/div>\n\t\t","protected":false},"excerpt":{"rendered":"<p>\u00d6\u011frenci Ta\u015f\u0131mac\u0131l\u0131\u011f\u0131 \u015eimdiye kadar U\u011fur ta\u015f\u0131mac\u0131l\u0131k olarak binlerce \u00f6\u011frencimizi g\u00fcvenli bir \u015fekilde okullar\u0131na, evlerine ula\u015ft\u0131rd\u0131k.U\u011fur Ta\u015f\u0131mac\u0131l\u0131k Personel Ta\u015f\u0131mac\u0131l\u0131\u011f\u0131 \u015eimdiye kadar U\u011fur ta\u015f\u0131mac\u0131l\u0131k olarak binlerce personeli g\u00fcvenli bir \u015fekilde i\u015f yerlerine , evlerine ula\u015ft\u0131rd\u0131k.U\u011fur Ta\u015f\u0131mac\u0131l\u0131k Transfer Hizmetleri \u015eimdiye kadar U\u011fur ta\u015f\u0131mac\u0131l\u0131k havaalan\u0131 transfer ve yolcu ta\u015f\u0131ma hizmetlerini ba\u015far\u0131l\u0131 ve g\u00fcvenli bir [&hellip;]<\/p>\n","protected":false},"author":1,"featured_media":0,"parent":0,"menu_order":0,"comment_status":"closed","ping_status":"closed","template":"elementor_header_footer","meta":{"footnotes":""},"class_list":["post-319","page","type-page","status-publish","hentry"],"_links":{"self":[{"href":"https:\/\/ugurtasimacilik.com.tr\/index.php?rest_route=\/wp\/v2\/pages\/319","targetHints":{"allow":["GET"]}}],"collection":[{"href":"https:\/\/ugurtasimacilik.com.tr\/index.php?rest_route=\/wp\/v2\/pages"}],"about":[{"href":"https:\/\/ugurtasimacilik.com.tr\/index.php?rest_route=\/wp\/v2\/types\/page"}],"author":[{"embeddable":true,"href":"https:\/\/ugurtasimacilik.com.tr\/index.php?rest_route=\/wp\/v2\/users\/1"}],"replies":[{"embeddable":true,"href":"https:\/\/ugurtasimacilik.com.tr\/index.php?rest_route=%2Fwp%2Fv2%2Fcomments&post=319"}],"version-history":[{"count":11,"href":"https:\/\/ugurtasimacilik.com.tr\/index.php?rest_route=\/wp\/v2\/pages\/319\/revisions"}],"predecessor-version":[{"id":2029,"href":"https:\/\/ugurtasimacilik.com.tr\/index.php?rest_route=\/wp\/v2\/pages\/319\/revisions\/2029"}],"wp:attachment":[{"href":"https:\/\/ugurtasimacilik.com.tr\/index.php?rest_route=%2Fwp%2Fv2%2Fmedia&parent=319"}],"curies":[{"name":"wp","href":"https:\/\/api.w.org\/{rel}","templated":true}]}}