{"id":1496,"date":"2020-03-29T17:10:47","date_gmt":"2020-03-29T17:10:47","guid":{"rendered":"http:\/\/bizix.premiumthemes.in\/?page_id=1496"},"modified":"2023-10-26T12:34:51","modified_gmt":"2023-10-26T09:34:51","slug":"info-box","status":"publish","type":"page","link":"https:\/\/ugurtasimacilik.com.tr\/?page_id=1496","title":{"rendered":"Referanslar"},"content":{"rendered":"\t\t<div data-elementor-type=\"wp-page\" data-elementor-id=\"1496\" class=\"elementor elementor-1496\">\n\t\t\t\t\t\t\t\t\t<section class=\"elementor-section elementor-top-section elementor-element elementor-element-6f4a848a elementor-section-stretched elementor-section-boxed elementor-section-height-default elementor-section-height-default\" data-id=\"6f4a848a\" data-element_type=\"section\" data-settings=\"{&quot;stretch_section&quot;:&quot;section-stretched&quot;}\">\n\t\t\t\t\t\t<div class=\"elementor-container elementor-column-gap-extended\">\n\t\t\t\t\t<div class=\"elementor-column elementor-col-33 elementor-top-column elementor-element elementor-element-390a827a\" data-id=\"390a827a\" data-element_type=\"column\">\n\t\t\t<div class=\"elementor-widget-wrap elementor-element-populated\">\n\t\t\t\t\t\t\t\t<div class=\"elementor-element elementor-element-e9359c4 elementor-widget elementor-widget-image\" data-id=\"e9359c4\" data-element_type=\"widget\" data-widget_type=\"image.default\">\n\t\t\t\t<div class=\"elementor-widget-container\">\n\t\t\t<style>\/*! elementor - v3.16.0 - 17-10-2023 *\/\n.elementor-widget-image{text-align:center}.elementor-widget-image a{display:inline-block}.elementor-widget-image a img[src$=\".svg\"]{width:48px}.elementor-widget-image img{vertical-align:middle;display:inline-block}<\/style>\t\t\t\t\t\t\t\t\t\t\t\t<img loading=\"lazy\" decoding=\"async\" width=\"1024\" height=\"269\" src=\"https:\/\/ugurtasimacilik.com.tr\/wp-content\/uploads\/2023\/10\/optimum-1024x269.png\" class=\"attachment-large size-large wp-image-2129\" alt=\"\" srcset=\"https:\/\/ugurtasimacilik.com.tr\/wp-content\/uploads\/2023\/10\/optimum-1024x269.png 1024w, https:\/\/ugurtasimacilik.com.tr\/wp-content\/uploads\/2023\/10\/optimum-300x79.png 300w, https:\/\/ugurtasimacilik.com.tr\/wp-content\/uploads\/2023\/10\/optimum-768x202.png 768w, https:\/\/ugurtasimacilik.com.tr\/wp-content\/uploads\/2023\/10\/optimum-1536x403.png 1536w, https:\/\/ugurtasimacilik.com.tr\/wp-content\/uploads\/2023\/10\/optimum.png 1600w\" sizes=\"auto, (max-width: 1024px) 100vw, 1024px\" \/>\t\t\t\t\t\t\t\t\t\t\t\t\t\t\t<\/div>\n\t\t\t\t<\/div>\n\t\t\t\t\t<\/div>\n\t\t<\/div>\n\t\t\t\t<div class=\"elementor-column elementor-col-33 elementor-top-column elementor-element elementor-element-45bfe60c\" data-id=\"45bfe60c\" data-element_type=\"column\">\n\t\t\t<div class=\"elementor-widget-wrap elementor-element-populated\">\n\t\t\t\t\t\t\t\t<div class=\"elementor-element elementor-element-b533bbb elementor-widget elementor-widget-image\" data-id=\"b533bbb\" data-element_type=\"widget\" data-widget_type=\"image.default\">\n\t\t\t\t<div class=\"elementor-widget-container\">\n\t\t\t\t\t\t\t\t\t\t\t\t\t\t\t<img loading=\"lazy\" decoding=\"async\" width=\"1024\" height=\"269\" src=\"https:\/\/ugurtasimacilik.com.tr\/wp-content\/uploads\/2023\/10\/abl-1024x269.jpg\" class=\"attachment-large size-large wp-image-2142\" alt=\"\" srcset=\"https:\/\/ugurtasimacilik.com.tr\/wp-content\/uploads\/2023\/10\/abl-1024x269.jpg 1024w, https:\/\/ugurtasimacilik.com.tr\/wp-content\/uploads\/2023\/10\/abl-300x79.jpg 300w, https:\/\/ugurtasimacilik.com.tr\/wp-content\/uploads\/2023\/10\/abl-768x202.jpg 768w, https:\/\/ugurtasimacilik.com.tr\/wp-content\/uploads\/2023\/10\/abl-1536x403.jpg 1536w, https:\/\/ugurtasimacilik.com.tr\/wp-content\/uploads\/2023\/10\/abl.jpg 1600w\" sizes=\"auto, (max-width: 1024px) 100vw, 1024px\" \/>\t\t\t\t\t\t\t\t\t\t\t\t\t\t\t<\/div>\n\t\t\t\t<\/div>\n\t\t\t\t\t<\/div>\n\t\t<\/div>\n\t\t\t\t<div class=\"elementor-column elementor-col-33 elementor-top-column elementor-element elementor-element-5304b6f8\" data-id=\"5304b6f8\" data-element_type=\"column\">\n\t\t\t<div class=\"elementor-widget-wrap elementor-element-populated\">\n\t\t\t\t\t\t\t\t<div class=\"elementor-element elementor-element-bc223fb elementor-widget elementor-widget-image\" data-id=\"bc223fb\" data-element_type=\"widget\" data-widget_type=\"image.default\">\n\t\t\t\t<div class=\"elementor-widget-container\">\n\t\t\t\t\t\t\t\t\t\t\t\t\t\t\t<img loading=\"lazy\" decoding=\"async\" width=\"1024\" height=\"269\" src=\"https:\/\/ugurtasimacilik.com.tr\/wp-content\/uploads\/2023\/10\/celiker-1024x269.png\" class=\"attachment-large size-large wp-image-2132\" alt=\"\" srcset=\"https:\/\/ugurtasimacilik.com.tr\/wp-content\/uploads\/2023\/10\/celiker-1024x269.png 1024w, https:\/\/ugurtasimacilik.com.tr\/wp-content\/uploads\/2023\/10\/celiker-300x79.png 300w, https:\/\/ugurtasimacilik.com.tr\/wp-content\/uploads\/2023\/10\/celiker-768x202.png 768w, https:\/\/ugurtasimacilik.com.tr\/wp-content\/uploads\/2023\/10\/celiker-1536x403.png 1536w, https:\/\/ugurtasimacilik.com.tr\/wp-content\/uploads\/2023\/10\/celiker.png 1600w\" sizes=\"auto, (max-width: 1024px) 100vw, 1024px\" \/>\t\t\t\t\t\t\t\t\t\t\t\t\t\t\t<\/div>\n\t\t\t\t<\/div>\n\t\t\t\t\t<\/div>\n\t\t<\/div>\n\t\t\t\t\t\t\t<\/div>\n\t\t<\/section>\n\t\t\t\t<section class=\"elementor-section elementor-top-section elementor-element elementor-element-a17086c elementor-section-stretched elementor-section-boxed elementor-section-height-default elementor-section-height-default\" data-id=\"a17086c\" data-element_type=\"section\" data-settings=\"{&quot;stretch_section&quot;:&quot;section-stretched&quot;}\">\n\t\t\t\t\t\t<div class=\"elementor-container elementor-column-gap-extended\">\n\t\t\t\t\t<div class=\"elementor-column elementor-col-33 elementor-top-column elementor-element elementor-element-e4b5af7\" data-id=\"e4b5af7\" data-element_type=\"column\">\n\t\t\t<div class=\"elementor-widget-wrap elementor-element-populated\">\n\t\t\t\t\t\t\t\t<div class=\"elementor-element elementor-element-280149a elementor-widget elementor-widget-text-editor\" data-id=\"280149a\" data-element_type=\"widget\" data-widget_type=\"text-editor.default\">\n\t\t\t\t<div class=\"elementor-widget-container\">\n\t\t\t<style>\/*! elementor - v3.16.0 - 17-10-2023 *\/\n.elementor-widget-text-editor.elementor-drop-cap-view-stacked .elementor-drop-cap{background-color:#69727d;color:#fff}.elementor-widget-text-editor.elementor-drop-cap-view-framed .elementor-drop-cap{color:#69727d;border:3px solid;background-color:transparent}.elementor-widget-text-editor:not(.elementor-drop-cap-view-default) .elementor-drop-cap{margin-top:8px}.elementor-widget-text-editor:not(.elementor-drop-cap-view-default) .elementor-drop-cap-letter{width:1em;height:1em}.elementor-widget-text-editor .elementor-drop-cap{float:left;text-align:center;line-height:1;font-size:50px}.elementor-widget-text-editor .elementor-drop-cap-letter{display:inline-block}<\/style>\t\t\t\t<p>Optimum Mekatronik \u00c7eren \u00c7ilek\u00a0<\/p><p>GSM:0530 053 00 72<\/p>\t\t\t\t\t\t<\/div>\n\t\t\t\t<\/div>\n\t\t\t\t\t<\/div>\n\t\t<\/div>\n\t\t\t\t<div class=\"elementor-column elementor-col-33 elementor-top-column elementor-element elementor-element-356c37c\" data-id=\"356c37c\" data-element_type=\"column\">\n\t\t\t<div class=\"elementor-widget-wrap elementor-element-populated\">\n\t\t\t\t\t\t\t\t<div class=\"elementor-element elementor-element-05a74a7 elementor-widget elementor-widget-text-editor\" data-id=\"05a74a7\" data-element_type=\"widget\" data-widget_type=\"text-editor.default\">\n\t\t\t\t<div class=\"elementor-widget-container\">\n\t\t\t\t\t\t\t<p>Abl Technic Fatih G\u00fcne\u015f<\/p><p><span style=\"font-family: Roboto; font-size: 16px; font-style: normal; font-weight: 400; background-color: #ffffff;\">GSM:0530 703 74 36<\/span><\/p>\t\t\t\t\t\t<\/div>\n\t\t\t\t<\/div>\n\t\t\t\t\t<\/div>\n\t\t<\/div>\n\t\t\t\t<div class=\"elementor-column elementor-col-33 elementor-top-column elementor-element elementor-element-f2f5210\" data-id=\"f2f5210\" data-element_type=\"column\">\n\t\t\t<div class=\"elementor-widget-wrap elementor-element-populated\">\n\t\t\t\t\t\t\t\t<div class=\"elementor-element elementor-element-d66d283 elementor-widget elementor-widget-text-editor\" data-id=\"d66d283\" data-element_type=\"widget\" data-widget_type=\"text-editor.default\">\n\t\t\t\t<div class=\"elementor-widget-container\">\n\t\t\t\t\t\t\t<p>\u00c7eliker Elektronik Ensar \u00c7elik<\/p>\n<p>GSM:0531 464 70 94&nbsp;<\/p>\t\t\t\t\t\t<\/div>\n\t\t\t\t<\/div>\n\t\t\t\t\t<\/div>\n\t\t<\/div>\n\t\t\t\t\t\t\t<\/div>\n\t\t<\/section>\n\t\t\t\t\t\t\t<\/div>\n\t\t","protected":false},"excerpt":{"rendered":"<p>Optimum Mekatronik \u00c7eren \u00c7ilek\u00a0 GSM:0530 053 00 72 Abl Technic Fatih G\u00fcne\u015f GSM:0530 703 74 36 \u00c7eliker Elektronik Ensar \u00c7elik GSM:0531 464 70 94&nbsp;<\/p>\n","protected":false},"author":1,"featured_media":0,"parent":0,"menu_order":0,"comment_status":"closed","ping_status":"closed","template":"elementor_header_footer","meta":{"footnotes":""},"class_list":["post-1496","page","type-page","status-publish","hentry"],"_links":{"self":[{"href":"https:\/\/ugurtasimacilik.com.tr\/index.php?rest_route=\/wp\/v2\/pages\/1496","targetHints":{"allow":["GET"]}}],"collection":[{"href":"https:\/\/ugurtasimacilik.com.tr\/index.php?rest_route=\/wp\/v2\/pages"}],"about":[{"href":"https:\/\/ugurtasimacilik.com.tr\/index.php?rest_route=\/wp\/v2\/types\/page"}],"author":[{"embeddable":true,"href":"https:\/\/ugurtasimacilik.com.tr\/index.php?rest_route=\/wp\/v2\/users\/1"}],"replies":[{"embeddable":true,"href":"https:\/\/ugurtasimacilik.com.tr\/index.php?rest_route=%2Fwp%2Fv2%2Fcomments&post=1496"}],"version-history":[{"count":24,"href":"https:\/\/ugurtasimacilik.com.tr\/index.php?rest_route=\/wp\/v2\/pages\/1496\/revisions"}],"predecessor-version":[{"id":2158,"href":"https:\/\/ugurtasimacilik.com.tr\/index.php?rest_route=\/wp\/v2\/pages\/1496\/revisions\/2158"}],"wp:attachment":[{"href":"https:\/\/ugurtasimacilik.com.tr\/index.php?rest_route=%2Fwp%2Fv2%2Fmedia&parent=1496"}],"curies":[{"name":"wp","href":"https:\/\/api.w.org\/{rel}","templated":true}]}}