{"id":1161,"date":"2020-03-07T04:59:21","date_gmt":"2020-03-07T04:59:21","guid":{"rendered":"http:\/\/bizix.premiumthemes.in\/?page_id=1161"},"modified":"2023-10-21T23:42:54","modified_gmt":"2023-10-21T20:42:54","slug":"block-gallery","status":"publish","type":"page","link":"https:\/\/ugurtasimacilik.com.tr\/?page_id=1161","title":{"rendered":"Galeri"},"content":{"rendered":"\t\t<div data-elementor-type=\"wp-page\" data-elementor-id=\"1161\" class=\"elementor elementor-1161\">\n\t\t\t\t\t\t\t\t\t<section class=\"elementor-section elementor-top-section elementor-element elementor-element-d20a1c0 elementor-section-boxed elementor-section-height-default elementor-section-height-default\" data-id=\"d20a1c0\" data-element_type=\"section\">\n\t\t\t\t\t\t<div class=\"elementor-container elementor-column-gap-default\">\n\t\t\t\t\t<div class=\"elementor-column elementor-col-100 elementor-top-column elementor-element elementor-element-99368a9\" data-id=\"99368a9\" data-element_type=\"column\">\n\t\t\t<div class=\"elementor-widget-wrap elementor-element-populated\">\n\t\t\t\t\t\t\t\t<div class=\"elementor-element elementor-element-d28e7a3 elementor-grid-tablet-3 elementor-grid-3 elementor-grid-mobile-1 elementor-widget elementor-widget-gyan_filterable_gallery\" data-id=\"d28e7a3\" data-element_type=\"widget\" data-settings=\"{&quot;columns_tablet&quot;:&quot;3&quot;,&quot;columns&quot;:&quot;3&quot;,&quot;columns_mobile&quot;:&quot;1&quot;}\" data-widget_type=\"gyan_filterable_gallery.default\">\n\t\t\t\t<div class=\"elementor-widget-container\">\n\t\t\t        <div class=\"gyan-filterable-gallery gyan-filterable-gallery-d28e7a3\"\n        data-layout=\"grid\" data-rtl=\"false\">\n\n            \n            <div class=\"gyan-filterable-gallery-grid gyan-elementor-grid\">\n                                    <div class=\"gyan-filterable-gallery-item gyan-grid-item-wrap vip_ta\u015f\u0131mac\u0131l\u0131k\">\n                            <div class=\"gyan-filterable-gallery-item-inner gyan-grid-item\">\n\n                                <div class=\"gyan-filterable-gallery-img-holder\">\n\n                                    <img decoding=\"async\" src=\"https:\/\/ugurtasimacilik.com.tr\/wp-content\/uploads\/2023\/10\/vip-670x670.jpg\" alt=\"\" \/>\n                                        <div class=\"gyan-filterable-gallery-overlay gyan-overlay gyan-flex gyan-filterable-gallery-effect-zoom gyan-filterable-gallery-effect-move\">\n                                            <div class=\"gyan-filterable-gallery-icons gyan-flex\">\n\n                                                                                                    <a class=\"elementor-clickable gyan-filterable-gallery-zoom\" data-elementor-open-lightbox=\"yes\" data-elementor-lightbox-slideshow=\"d28e7a3\" data-elementor-lightbox-index=\"0\" title=\"Vip Ta\u015f\u0131mac\u0131l\u0131k\" href=\"https:\/\/ugurtasimacilik.com.tr\/wp-content\/uploads\/2023\/10\/vip.jpg\" >\n                                                        <i class=\"fa fa-search-plus\"><\/i>\n                                                    <\/a>\n                                                 \n                                                                                                     <a href=\"#\"\n                                                                                                            target=\"_blank\"\n                                                                                                         class=\"gyan-filterable-gallery-link\">\n                                                        <i class=\"fa fa-link\"><\/i>\n                                                    <\/a>\n                                                                                             <\/div>\n                                        <\/div>\n\n                                     \n                                <\/div>\n\n                                 \n                            <\/div>\n                        <\/div>\n                                                    <div class=\"gyan-filterable-gallery-item gyan-grid-item-wrap okul_servis_ta\u015f\u0131mac\u0131l\u0131\u011f\u0131\">\n                            <div class=\"gyan-filterable-gallery-item-inner gyan-grid-item\">\n\n                                <div class=\"gyan-filterable-gallery-img-holder\">\n\n                                    <img decoding=\"async\" src=\"https:\/\/ugurtasimacilik.com.tr\/wp-content\/uploads\/2023\/10\/ogrenci-670x670.jpg\" alt=\"\" \/>\n                                        <div class=\"gyan-filterable-gallery-overlay gyan-overlay gyan-flex gyan-filterable-gallery-effect-zoom gyan-filterable-gallery-effect-move\">\n                                            <div class=\"gyan-filterable-gallery-icons gyan-flex\">\n\n                                                                                                    <a class=\"elementor-clickable gyan-filterable-gallery-zoom\" data-elementor-open-lightbox=\"yes\" data-elementor-lightbox-slideshow=\"d28e7a3\" data-elementor-lightbox-index=\"1\" title=\"Okul Servis Ta\u015f\u0131mac\u0131l\u0131\u011f\u0131\" href=\"https:\/\/ugurtasimacilik.com.tr\/wp-content\/uploads\/2023\/10\/ogrenci.jpg\" >\n                                                        <i class=\"fa fa-search-plus\"><\/i>\n                                                    <\/a>\n                                                 \n                                                                                                     <a href=\"https:\/\/themeforest.net\/item\/bizix-corporate-and-business-wordpress-theme\/25806086\"\n                                                                                                            target=\"_blank\"\n                                                                                                         class=\"gyan-filterable-gallery-link\">\n                                                        <i class=\"fa fa-link\"><\/i>\n                                                    <\/a>\n                                                                                             <\/div>\n                                        <\/div>\n\n                                     \n                                <\/div>\n\n                                 \n                            <\/div>\n                        <\/div>\n                                                    <div class=\"gyan-filterable-gallery-item gyan-grid-item-wrap personel_ta\u015f\u0131mac\u0131l\u0131\u011f\u0131\">\n                            <div class=\"gyan-filterable-gallery-item-inner gyan-grid-item\">\n\n                                <div class=\"gyan-filterable-gallery-img-holder\">\n\n                                    <img decoding=\"async\" src=\"https:\/\/ugurtasimacilik.com.tr\/wp-content\/uploads\/2023\/10\/servis-670x670.jpg\" alt=\"\" \/>\n                                        <div class=\"gyan-filterable-gallery-overlay gyan-overlay gyan-flex gyan-filterable-gallery-effect-zoom gyan-filterable-gallery-effect-move\">\n                                            <div class=\"gyan-filterable-gallery-icons gyan-flex\">\n\n                                                                                                    <a class=\"elementor-clickable gyan-filterable-gallery-zoom\" data-elementor-open-lightbox=\"yes\" data-elementor-lightbox-slideshow=\"d28e7a3\" data-elementor-lightbox-index=\"2\" title=\"Personel Ta\u015f\u0131mac\u0131l\u0131\u011f\u0131\" href=\"https:\/\/ugurtasimacilik.com.tr\/wp-content\/uploads\/2023\/10\/servis.jpg\" >\n                                                        <i class=\"fa fa-search-plus\"><\/i>\n                                                    <\/a>\n                                                 \n                                                                                                     <a href=\"https:\/\/themeforest.net\/item\/bizix-corporate-and-business-wordpress-theme\/25806086\"\n                                                                                                            target=\"_blank\"\n                                                                                                         class=\"gyan-filterable-gallery-link\">\n                                                        <i class=\"fa fa-link\"><\/i>\n                                                    <\/a>\n                                                                                             <\/div>\n                                        <\/div>\n\n                                     \n                                <\/div>\n\n                                 \n                            <\/div>\n                        <\/div>\n                                        <\/div>\n        <\/div>\n        \t\t<\/div>\n\t\t\t\t<\/div>\n\t\t\t\t\t<\/div>\n\t\t<\/div>\n\t\t\t\t\t\t\t<\/div>\n\t\t<\/section>\n\t\t\t\t\t\t\t<\/div>\n\t\t","protected":false},"excerpt":{"rendered":"","protected":false},"author":1,"featured_media":0,"parent":0,"menu_order":0,"comment_status":"closed","ping_status":"closed","template":"elementor_header_footer","meta":{"footnotes":""},"class_list":["post-1161","page","type-page","status-publish","hentry"],"_links":{"self":[{"href":"https:\/\/ugurtasimacilik.com.tr\/index.php?rest_route=\/wp\/v2\/pages\/1161","targetHints":{"allow":["GET"]}}],"collection":[{"href":"https:\/\/ugurtasimacilik.com.tr\/index.php?rest_route=\/wp\/v2\/pages"}],"about":[{"href":"https:\/\/ugurtasimacilik.com.tr\/index.php?rest_route=\/wp\/v2\/types\/page"}],"author":[{"embeddable":true,"href":"https:\/\/ugurtasimacilik.com.tr\/index.php?rest_route=\/wp\/v2\/users\/1"}],"replies":[{"embeddable":true,"href":"https:\/\/ugurtasimacilik.com.tr\/index.php?rest_route=%2Fwp%2Fv2%2Fcomments&post=1161"}],"version-history":[{"count":11,"href":"https:\/\/ugurtasimacilik.com.tr\/index.php?rest_route=\/wp\/v2\/pages\/1161\/revisions"}],"predecessor-version":[{"id":2044,"href":"https:\/\/ugurtasimacilik.com.tr\/index.php?rest_route=\/wp\/v2\/pages\/1161\/revisions\/2044"}],"wp:attachment":[{"href":"https:\/\/ugurtasimacilik.com.tr\/index.php?rest_route=%2Fwp%2Fv2%2Fmedia&parent=1161"}],"curies":[{"name":"wp","href":"https:\/\/api.w.org\/{rel}","templated":true}]}}